{"id":490,"date":"2026-03-07T15:19:42","date_gmt":"2026-03-07T18:19:42","guid":{"rendered":"http:\/\/amagalibeachclub.com\/?page_id=490"},"modified":"2026-03-24T12:31:46","modified_gmt":"2026-03-24T15:31:46","slug":"reembolso_devolucoes","status":"publish","type":"page","link":"https:\/\/amagalibeachclub.com\/en\/reembolso_devolucoes\/","title":{"rendered":"Pol\u00edtica de reembolso e devolu\u00e7\u00f5es"},"content":{"rendered":"<div data-elementor-type=\"wp-page\" data-elementor-id=\"490\" class=\"elementor elementor-490\" data-elementor-post-type=\"page\">\n\t\t\t\t<div class=\"elementor-element elementor-element-6039cbb8 e-flex e-con-boxed e-con e-parent\" data-id=\"6039cbb8\" data-element_type=\"container\" data-e-type=\"container\">\n\t\t\t\t\t<div class=\"e-con-inner\">\n\t\t\t\t<div class=\"elementor-element elementor-element-131605db elementor-widget elementor-widget-text-editor\" data-id=\"131605db\" data-element_type=\"widget\" data-e-type=\"widget\" data-widget_type=\"text-editor.default\">\n\t\t\t\t\t\t\t\t\t\n<h1 data-section-id=\"swp4rv\" data-start=\"181\" data-end=\"218\">Pol\u00edtica de Reembolso e Devolu\u00e7\u00e3o<\/h1>\n<p data-start=\"219\" data-end=\"241\"><strong data-start=\"219\" data-end=\"241\">Amagali Beach Club<\/strong><\/p>\n<p data-start=\"243\" data-end=\"267\">\u00daltima atualiza\u00e7\u00e3o: 2026<\/p>\n<p data-start=\"269\" data-end=\"494\">No <strong data-start=\"272\" data-end=\"294\">Amagali Beach Club<\/strong>, buscamos oferecer a melhor experi\u00eancia poss\u00edvel aos nossos clientes. Para garantir transpar\u00eancia e organiza\u00e7\u00e3o nos servi\u00e7os, estabelecemos a seguinte pol\u00edtica de cancelamento, reembolso e devolu\u00e7\u00e3o.<\/p>\n<hr data-start=\"496\" data-end=\"499\" \/>\n<h2 data-section-id=\"1j89wpi\" data-start=\"501\" data-end=\"531\">1. Cancelamento de Reservas<\/h2>\n<p data-start=\"533\" data-end=\"684\">O cliente poder\u00e1 solicitar o cancelamento de reservas realizadas para mesas, lounges, eventos ou servi\u00e7os do beach club dentro das seguintes condi\u00e7\u00f5es:<\/p>\n<ul data-start=\"686\" data-end=\"1016\">\n<li data-section-id=\"3eqji9\" data-start=\"686\" data-end=\"798\"><strong data-start=\"688\" data-end=\"732\">At\u00e9 48 horas antes do evento ou reserva:<\/strong><br data-start=\"732\" data-end=\"735\" \/>O cliente ter\u00e1 direito a <strong data-start=\"762\" data-end=\"797\">reembolso de 100% do valor pago<\/strong>.<\/li>\n<li data-section-id=\"yn5bzf\" data-start=\"800\" data-end=\"887\"><strong data-start=\"802\" data-end=\"832\">Entre 24 e 48 horas antes:<\/strong><br data-start=\"832\" data-end=\"835\" \/>Ser\u00e1 concedido <strong data-start=\"852\" data-end=\"886\">reembolso de 50% do valor pago<\/strong>.<\/li>\n<li data-section-id=\"19tdf0z\" data-start=\"889\" data-end=\"1016\"><strong data-start=\"891\" data-end=\"930\">Menos de 24 horas antes da reserva:<\/strong><br data-start=\"930\" data-end=\"933\" \/><strong data-start=\"935\" data-end=\"959\">N\u00e3o haver\u00e1 reembolso<\/strong>, devido \u00e0 prepara\u00e7\u00e3o e organiza\u00e7\u00e3o antecipada do espa\u00e7o.<\/li>\n<\/ul>\n<hr data-start=\"1018\" data-end=\"1021\" \/>\n<h2 data-section-id=\"nvnww5\" data-start=\"1023\" data-end=\"1057\">2. N\u00e3o Comparecimento (No-Show)<\/h2>\n<p data-start=\"1059\" data-end=\"1166\">Caso o cliente <strong data-start=\"1074\" data-end=\"1113\">n\u00e3o compare\u00e7a no hor\u00e1rio da reserva<\/strong> e n\u00e3o tenha solicitado cancelamento dentro do prazo:<\/p>\n<ul data-start=\"1168\" data-end=\"1329\">\n<li data-section-id=\"om97h2\" data-start=\"1168\" data-end=\"1208\">O valor pago <strong data-start=\"1183\" data-end=\"1207\">n\u00e3o ser\u00e1 reembolsado<\/strong>.<\/li>\n<li data-section-id=\"c90j2g\" data-start=\"1209\" data-end=\"1329\">A reserva poder\u00e1 ser <strong data-start=\"1232\" data-end=\"1287\">cancelada automaticamente ap\u00f3s 30 minutos de atraso<\/strong>, liberando o espa\u00e7o para outros clientes.<\/li>\n<\/ul>\n<hr data-start=\"1331\" data-end=\"1334\" \/>\n<h2 data-section-id=\"vznyxv\" data-start=\"1336\" data-end=\"1378\">3. Cancelamento por Parte do Beach Club<\/h2>\n<p data-start=\"1380\" data-end=\"1408\">Em casos excepcionais, como:<\/p>\n<ul data-start=\"1410\" data-end=\"1482\">\n<li data-section-id=\"125mdb8\" data-start=\"1410\" data-end=\"1443\">condi\u00e7\u00f5es clim\u00e1ticas extremas<\/li>\n<li data-section-id=\"1g8ecaf\" data-start=\"1444\" data-end=\"1466\">problemas t\u00e9cnicos<\/li>\n<li data-section-id=\"x07jil\" data-start=\"1467\" data-end=\"1482\">for\u00e7a maior<\/li>\n<\/ul>\n<p data-start=\"1484\" data-end=\"1548\">o <strong data-start=\"1486\" data-end=\"1508\">Amagali Beach Club<\/strong> poder\u00e1 cancelar ou reagendar a reserva.<\/p>\n<p data-start=\"1550\" data-end=\"1599\">Nessas situa\u00e7\u00f5es o cliente poder\u00e1 escolher entre:<\/p>\n<ul data-start=\"1601\" data-end=\"1686\">\n<li data-section-id=\"swd6q3\" data-start=\"1601\" data-end=\"1631\"><strong data-start=\"1603\" data-end=\"1631\">Reagendamento da reserva<\/strong><\/li>\n<li data-section-id=\"1xeeorm\" data-start=\"1632\" data-end=\"1661\"><strong data-start=\"1634\" data-end=\"1661\">Cr\u00e9dito para uso futuro<\/strong><\/li>\n<li data-section-id=\"3pjxt0\" data-start=\"1662\" data-end=\"1686\"><strong data-start=\"1664\" data-end=\"1686\">Reembolso integral<\/strong><\/li>\n<\/ul>\n<hr data-start=\"1688\" data-end=\"1691\" \/>\n<h2 data-section-id=\"1ud3wav\" data-start=\"1693\" data-end=\"1726\">4. Eventos e Pacotes Especiais<\/h2>\n<p data-start=\"1728\" data-end=\"1880\">Para <strong data-start=\"1733\" data-end=\"1782\">eventos privados, festas ou pacotes especiais<\/strong>, poder\u00e3o existir <strong data-start=\"1800\" data-end=\"1841\">condi\u00e7\u00f5es espec\u00edficas de cancelamento<\/strong>, informadas no momento da contrata\u00e7\u00e3o.<\/p>\n<p data-start=\"1882\" data-end=\"1894\">Normalmente:<\/p>\n<ul data-start=\"1896\" data-end=\"2104\">\n<li data-section-id=\"1odiur7\" data-start=\"1896\" data-end=\"1997\">Cancelamentos com <strong data-start=\"1916\" data-end=\"1951\">7 dias ou mais de anteced\u00eancia:<\/strong> reembolso parcial ou total conforme contrato.<\/li>\n<li data-section-id=\"cjt1pd\" data-start=\"1998\" data-end=\"2104\">Cancelamentos com <strong data-start=\"2018\" data-end=\"2038\">menos de 7 dias:<\/strong> poder\u00e1 haver reten\u00e7\u00e3o de valores para cobrir custos operacionais.<\/li>\n<\/ul>\n<hr data-start=\"2106\" data-end=\"2109\" \/>\n<h2 data-section-id=\"1xvew3u\" data-start=\"2111\" data-end=\"2135\">5. Forma de Reembolso<\/h2>\n<p data-start=\"2137\" data-end=\"2186\">Quando aplic\u00e1vel, os reembolsos ser\u00e3o realizados:<\/p>\n<ul data-start=\"2188\" data-end=\"2350\">\n<li data-section-id=\"1pndasa\" data-start=\"2188\" data-end=\"2266\"><strong data-start=\"2190\" data-end=\"2244\">Pelo mesmo m\u00e9todo de pagamento utilizado na compra<\/strong>, sempre que poss\u00edvel.<\/li>\n<li data-section-id=\"1fa8kw9\" data-start=\"2267\" data-end=\"2350\"><strong data-start=\"2269\" data-end=\"2298\">Prazo de at\u00e9 7 dias \u00fateis<\/strong> para processamento ap\u00f3s a aprova\u00e7\u00e3o da solicita\u00e7\u00e3o.<\/li>\n<\/ul>\n<hr data-start=\"2352\" data-end=\"2355\" \/>\n<h2 data-section-id=\"8fjcsl\" data-start=\"2357\" data-end=\"2403\">6. Como Solicitar Cancelamento ou Reembolso<\/h2>\n<p data-start=\"2405\" data-end=\"2491\">Para solicitar cancelamento ou reembolso, o cliente deve entrar em contato atrav\u00e9s de:<\/p>\n<p data-start=\"2493\" data-end=\"2557\">\ud83d\udce7 E-mail: Amagalibeachclub@gmail<a class=\"decorated-link cursor-pointer\" rel=\"noopener\" data-start=\"2504\" data-end=\"2523\">.com<\/a><br data-start=\"2523\" data-end=\"2526\" \/>\ud83d\udcf1 WhatsApp: (84) 9 9461-7633<\/p>\n<p data-start=\"2559\" data-end=\"2570\">Informando:<\/p>\n<ul data-start=\"2572\" data-end=\"2638\">\n<li data-section-id=\"uy70tc\" data-start=\"2572\" data-end=\"2591\">Nome da reserva<\/li>\n<li data-section-id=\"kvub95\" data-start=\"2592\" data-end=\"2611\">Data da reserva<\/li>\n<li data-section-id=\"6j7xaf\" data-start=\"2612\" data-end=\"2638\">Comprovante de pagamento<\/li>\n<\/ul>\n<hr data-start=\"2640\" data-end=\"2643\" \/>\n<h2 data-section-id=\"1vcojln\" data-start=\"2645\" data-end=\"2676\">7. Altera\u00e7\u00f5es nesta Pol\u00edtica<\/h2>\n<p data-start=\"2678\" data-end=\"2818\">O <strong data-start=\"2680\" data-end=\"2702\">Amagali Beach Club<\/strong> poder\u00e1 atualizar esta pol\u00edtica sempre que necess\u00e1rio para melhorar nossos servi\u00e7os e transpar\u00eancia com os clientes.<\/p>\n\t\t\t\t\t\t\t\t<\/div>\n\t\t\t\t\t<\/div>\n\t\t\t\t<\/div>\n\t\t\t\t<\/div>","protected":false},"excerpt":{"rendered":"<p>Pol\u00edtica de Reembolso e Devolu\u00e7\u00e3o Amagali Beach Club \u00daltima atualiza\u00e7\u00e3o: 2026 No Amagali Beach Club, buscamos oferecer a melhor experi\u00eancia poss\u00edvel aos nossos clientes. Para garantir transpar\u00eancia e organiza\u00e7\u00e3o nos servi\u00e7os, estabelecemos a seguinte pol\u00edtica de cancelamento, reembolso e devolu\u00e7\u00e3o. 1. Cancelamento de Reservas O cliente poder\u00e1 solicitar o cancelamento de reservas realizadas para mesas, [&hellip;]<\/p>\n","protected":false},"author":1,"featured_media":0,"parent":0,"menu_order":0,"comment_status":"closed","ping_status":"closed","template":"","meta":{"footnotes":""},"class_list":["post-490","page","type-page","status-publish","hentry"],"jetpack_sharing_enabled":true,"_links":{"self":[{"href":"https:\/\/amagalibeachclub.com\/en\/wp-json\/wp\/v2\/pages\/490","targetHints":{"allow":["GET"]}}],"collection":[{"href":"https:\/\/amagalibeachclub.com\/en\/wp-json\/wp\/v2\/pages"}],"about":[{"href":"https:\/\/amagalibeachclub.com\/en\/wp-json\/wp\/v2\/types\/page"}],"author":[{"embeddable":true,"href":"https:\/\/amagalibeachclub.com\/en\/wp-json\/wp\/v2\/users\/1"}],"replies":[{"embeddable":true,"href":"https:\/\/amagalibeachclub.com\/en\/wp-json\/wp\/v2\/comments?post=490"}],"version-history":[{"count":3,"href":"https:\/\/amagalibeachclub.com\/en\/wp-json\/wp\/v2\/pages\/490\/revisions"}],"predecessor-version":[{"id":646,"href":"https:\/\/amagalibeachclub.com\/en\/wp-json\/wp\/v2\/pages\/490\/revisions\/646"}],"wp:attachment":[{"href":"https:\/\/amagalibeachclub.com\/en\/wp-json\/wp\/v2\/media?parent=490"}],"curies":[{"name":"wp","href":"https:\/\/api.w.org\/{rel}","templated":true}]}}